{"id":4552,"date":"2022-01-13T13:50:10","date_gmt":"2022-01-13T18:50:10","guid":{"rendered":"https:\/\/www.lechevalcanadien.ca\/news\/"},"modified":"2022-01-31T16:05:21","modified_gmt":"2022-01-31T21:05:21","slug":"news","status":"publish","type":"page","link":"https:\/\/www.lechevalcanadien.ca\/en\/news\/","title":{"rendered":"Latest News"},"content":{"rendered":"<p>[et_pb_section fb_built=&#8221;1&#8243; fullwidth=&#8221;on&#8221; admin_label=&#8221;Section ent\u00eate &#8211; Page int\u00e9rieure&#8221; _builder_version=&#8221;4.9.10&#8243; background_color=&#8221;RGBA(0,0,0,0)&#8221; bottom_divider_style=&#8221;ramp&#8221; bottom_divider_color=&#8221;#FFFFFF&#8221; bottom_divider_flip=&#8221;horizontal&#8221; global_module=&#8221;1863&#8243; saved_tabs=&#8221;all&#8221; global_colors_info=&#8221;{}&#8221;][et_pb_fullwidth_header title=&#8221;@ET-DC@eyJkeW5hbWljIjp0cnVlLCJjb250ZW50IjoicG9zdF90aXRsZSIsInNldHRpbmdzIjp7ImJlZm9yZSI6IiIsImFmdGVyIjoiIn19@&#8221; text_orientation=&#8221;center&#8221; content_max_width=&#8221;640px&#8221; admin_label=&#8221;En-t\u00eate plein \u00e9cran&#8221; _builder_version=&#8221;4.10.7&#8243; _dynamic_attributes=&#8221;background_image,title&#8221; content_font_size=&#8221;22px&#8221; content_line_height=&#8221;2em&#8221; background_color=&#8221;#FFFFFF&#8221; background_image=&#8221;@ET-DC@eyJkeW5hbWljIjp0cnVlLCJjb250ZW50IjoicG9zdF9mZWF0dXJlZF9pbWFnZSIsInNldHRpbmdzIjp7fX0=@&#8221; parallax=&#8221;on&#8221; parallax_method=&#8221;on&#8221; custom_button_one=&#8221;on&#8221; button_one_text_size=&#8221;16px&#8221; button_one_text_color=&#8221;#ffffff&#8221; button_one_bg_color=&#8221;#d29f68&#8243; button_one_border_width=&#8221;15px&#8221; button_one_border_color=&#8221;rgba(210,159,104,0)&#8221; button_one_border_radius=&#8221;100px&#8221; button_one_letter_spacing=&#8221;3px&#8221; button_one_font=&#8221;Oswald|||on|||||&#8221; button_one_use_icon=&#8221;off&#8221; custom_button_two=&#8221;on&#8221; button_two_text_size=&#8221;16px&#8221; button_two_text_color=&#8221;#ffffff&#8221; button_two_bg_color=&#8221;rgba(255,255,255,0.35)&#8221; button_two_border_width=&#8221;15px&#8221; button_two_border_color=&#8221;rgba(0,0,0,0)&#8221; button_two_border_radius=&#8221;100px&#8221; button_two_letter_spacing=&#8221;3px&#8221; button_two_font=&#8221;Oswald|||on|||||&#8221; button_two_use_icon=&#8221;off&#8221; custom_padding=&#8221;130px||130px||true|false&#8221; animation_style=&#8221;fade&#8221; animation_direction=&#8221;top&#8221; animation_duration=&#8221;1700ms&#8221; subhead_font_size_tablet=&#8221;&#8221; subhead_font_size_phone=&#8221;50px&#8221; subhead_font_size_last_edited=&#8221;on|desktop&#8221; button_one_border_radius_hover=&#8221;100px&#8221; button_one_bg_color_hover=&#8221;#cc8d66&#8243; button_two_bg_color_hover=&#8221;#d29f68&#8243; global_colors_info=&#8221;{}&#8221; button_one_text_size__hover_enabled=&#8221;off&#8221; button_two_text_size__hover_enabled=&#8221;off&#8221; button_one_text_color__hover_enabled=&#8221;off&#8221; button_two_text_color__hover_enabled=&#8221;off&#8221; button_one_border_width__hover_enabled=&#8221;off&#8221; button_two_border_width__hover_enabled=&#8221;off&#8221; button_one_border_color__hover_enabled=&#8221;off&#8221; button_two_border_color__hover_enabled=&#8221;off&#8221; button_one_border_radius__hover_enabled=&#8221;on&#8221; button_one_border_radius__hover=&#8221;100px&#8221; button_two_border_radius__hover_enabled=&#8221;off&#8221; button_one_letter_spacing__hover_enabled=&#8221;off&#8221; button_two_letter_spacing__hover_enabled=&#8221;off&#8221; button_one_bg_color__hover_enabled=&#8221;on&#8221; button_one_bg_color__hover=&#8221;#cc8d66&#8243; button_two_bg_color__hover_enabled=&#8221;on&#8221; button_two_bg_color__hover=&#8221;#d29f68&#8243;][\/et_pb_fullwidth_header][\/et_pb_section][et_pb_section fb_built=&#8221;1&#8243; _builder_version=&#8221;4.9.10&#8243; _module_preset=&#8221;default&#8221; global_colors_info=&#8221;{}&#8221;][et_pb_row _builder_version=&#8221;4.9.10&#8243; _module_preset=&#8221;default&#8221; global_colors_info=&#8221;{}&#8221;][et_pb_column type=&#8221;4_4&#8243; _builder_version=&#8221;4.9.10&#8243; _module_preset=&#8221;default&#8221; global_colors_info=&#8221;{}&#8221;][et_pb_blog posts_number=&#8221;15&#8243; include_categories=&#8221;all&#8221; excerpt_length=&#8221;280&#8243; show_more=&#8221;on&#8221; show_author=&#8221;off&#8221; show_categories=&#8221;off&#8221; _builder_version=&#8221;4.14.5&#8243; _module_preset=&#8221;default&#8221; header_level=&#8221;h4&#8243; header_font_size=&#8221;16px&#8221; body_font_size=&#8221;14px&#8221; pagination_font_size=&#8221;14px&#8221; text_orientation=&#8221;left&#8221; custom_margin=&#8221;||||false|false&#8221; custom_padding=&#8221;0px||0px||false|false&#8221; border_color_top_fullwidth=&#8221;#C63846&#8243; border_width_bottom_fullwidth=&#8221;1px&#8221; border_color_bottom_fullwidth=&#8221;#C63846&#8243; global_colors_info=&#8221;{}&#8221;][\/et_pb_blog][\/et_pb_column][\/et_pb_row][\/et_pb_section]<\/p>\n","protected":false},"excerpt":{"rendered":"","protected":false},"author":1,"featured_media":4013,"parent":0,"menu_order":0,"comment_status":"closed","ping_status":"closed","template":"","meta":{"_et_pb_use_builder":"on","_et_pb_old_content":"<p>[et_pb_section fb_built=\"1\" fullwidth=\"on\" admin_label=\"Section ent\u00eate - Page int\u00e9rieure\" _builder_version=\"4.9.10\" background_color=\"RGBA(0,0,0,0)\" bottom_divider_style=\"ramp\" bottom_divider_color=\"#FFFFFF\" bottom_divider_flip=\"horizontal\" global_module=\"1863\" saved_tabs=\"all\" global_colors_info=\"{}\"][et_pb_fullwidth_header subhead=\"@ET-DC@eyJkeW5hbWljIjp0cnVlLCJjb250ZW50IjoicG9zdF90aXRsZSIsInNldHRpbmdzIjp7ImJlZm9yZSI6IjxoMT4iLCJhZnRlciI6IjwvaDE+In19@\" text_orientation=\"center\" content_max_width=\"640px\" admin_label=\"En-t\u00eate plein \u00e9cran\" _builder_version=\"4.9.10\" _dynamic_attributes=\"subhead,background_image\" content_font_size=\"22px\" content_line_height=\"2em\" background_color=\"#FFFFFF\" background_image=\"@ET-DC@eyJkeW5hbWljIjp0cnVlLCJjb250ZW50IjoicG9zdF9mZWF0dXJlZF9pbWFnZSIsInNldHRpbmdzIjp7fX0=@\" parallax=\"on\" parallax_method=\"on\" custom_button_one=\"on\" button_one_text_size=\"16px\" button_one_text_color=\"#ffffff\" button_one_bg_color=\"#d29f68\" button_one_border_width=\"15px\" button_one_border_color=\"rgba(210,159,104,0)\" button_one_border_radius=\"100px\" button_one_letter_spacing=\"3px\" button_one_font=\"Oswald|||on|||||\" button_one_use_icon=\"off\" custom_button_two=\"on\" button_two_text_size=\"16px\" button_two_text_color=\"#ffffff\" button_two_bg_color=\"rgba(255,255,255,0.35)\" button_two_border_width=\"15px\" button_two_border_color=\"rgba(0,0,0,0)\" button_two_border_radius=\"100px\" button_two_letter_spacing=\"3px\" button_two_font=\"Oswald|||on|||||\" button_two_use_icon=\"off\" custom_padding=\"130px||130px||true|false\" animation_style=\"fade\" animation_direction=\"top\" animation_duration=\"1700ms\" subhead_font_size_tablet=\"\" subhead_font_size_phone=\"50px\" subhead_font_size_last_edited=\"on|desktop\" button_one_border_radius_hover=\"100px\" button_one_bg_color_hover=\"#cc8d66\" button_two_bg_color_hover=\"#d29f68\" global_colors_info=\"{}\" button_one_text_size__hover_enabled=\"off\" button_two_text_size__hover_enabled=\"off\" button_one_text_color__hover_enabled=\"off\" button_two_text_color__hover_enabled=\"off\" button_one_border_width__hover_enabled=\"off\" button_two_border_width__hover_enabled=\"off\" button_one_border_color__hover_enabled=\"off\" button_two_border_color__hover_enabled=\"off\" button_one_border_radius__hover_enabled=\"on\" button_one_border_radius__hover=\"100px\" button_two_border_radius__hover_enabled=\"off\" button_one_letter_spacing__hover_enabled=\"off\" button_two_letter_spacing__hover_enabled=\"off\" button_one_bg_color__hover_enabled=\"on\" button_one_bg_color__hover=\"#cc8d66\" button_two_bg_color__hover_enabled=\"on\" button_two_bg_color__hover=\"#d29f68\"][\/et_pb_fullwidth_header][\/et_pb_section][et_pb_section fb_built=\"1\" _builder_version=\"4.9.10\" _module_preset=\"default\" global_colors_info=\"{}\"][et_pb_row _builder_version=\"4.9.10\" _module_preset=\"default\" global_colors_info=\"{}\"][et_pb_column type=\"4_4\" _builder_version=\"4.9.10\" _module_preset=\"default\" global_colors_info=\"{}\"][et_pb_blog posts_number=\"15\" include_categories=\"all\" excerpt_length=\"280\" show_more=\"on\" show_author=\"off\" show_categories=\"off\" _builder_version=\"4.9.10\" _module_preset=\"default\" header_level=\"h4\" header_font_size=\"16px\" body_font_size=\"14px\" pagination_font_size=\"14px\" text_orientation=\"left\" custom_margin=\"||||false|false\" custom_padding=\"0px||0px||false|false\" border_color_top_fullwidth=\"#C63846\" border_width_bottom_fullwidth=\"1px\" border_color_bottom_fullwidth=\"#C63846\" global_colors_info=\"{}\"][\/et_pb_blog][\/et_pb_column][\/et_pb_row][\/et_pb_section]<\/p>","_et_gb_content_width":"","inline_featured_image":false,"footnotes":""},"class_list":["post-4552","page","type-page","status-publish","has-post-thumbnail","hentry"],"yoast_head":"<!-- This site is optimized with the Yoast SEO plugin v27.5 - https:\/\/yoast.com\/product\/yoast-seo-wordpress\/ -->\n<title>Latest News - Soci\u00e9t\u00e9 des \u00e9leveurs de chevaux canadiens<\/title>\n<meta name=\"robots\" content=\"index, follow, max-snippet:-1, max-image-preview:large, max-video-preview:-1\" \/>\n<link rel=\"canonical\" href=\"https:\/\/www.lechevalcanadien.ca\/en\/news\/\" \/>\n<meta property=\"og:locale\" content=\"en_US\" \/>\n<meta property=\"og:type\" content=\"article\" \/>\n<meta property=\"og:title\" content=\"Latest News - Soci\u00e9t\u00e9 des \u00e9leveurs de chevaux canadiens\" \/>\n<meta property=\"og:url\" content=\"https:\/\/www.lechevalcanadien.ca\/en\/news\/\" \/>\n<meta property=\"og:site_name\" content=\"Soci\u00e9t\u00e9 des \u00e9leveurs de chevaux canadiens\" \/>\n<meta property=\"article:publisher\" content=\"https:\/\/www.facebook.com\/SECC.CHBA\" \/>\n<meta property=\"article:modified_time\" content=\"2022-01-31T21:05:21+00:00\" \/>\n<meta property=\"og:image\" content=\"https:\/\/www.lechevalcanadien.ca\/wp-content\/uploads\/2021\/09\/DSC_7295_20164horsebook.jpg\" \/>\n\t<meta property=\"og:image:width\" content=\"2560\" \/>\n\t<meta property=\"og:image:height\" content=\"1280\" \/>\n\t<meta property=\"og:image:type\" content=\"image\/jpeg\" \/>\n<meta name=\"twitter:card\" content=\"summary_large_image\" \/>\n<meta name=\"twitter:label1\" content=\"Est. reading time\" \/>\n\t<meta name=\"twitter:data1\" content=\"3 minutes\" \/>\n<script type=\"application\/ld+json\" class=\"yoast-schema-graph\">{\"@context\":\"https:\\\/\\\/schema.org\",\"@graph\":[{\"@type\":\"WebPage\",\"@id\":\"https:\\\/\\\/www.lechevalcanadien.ca\\\/en\\\/news\\\/\",\"url\":\"https:\\\/\\\/www.lechevalcanadien.ca\\\/en\\\/news\\\/\",\"name\":\"Latest News - Soci\u00e9t\u00e9 des \u00e9leveurs de chevaux canadiens\",\"isPartOf\":{\"@id\":\"https:\\\/\\\/www.lechevalcanadien.ca\\\/en\\\/#website\"},\"primaryImageOfPage\":{\"@id\":\"https:\\\/\\\/www.lechevalcanadien.ca\\\/en\\\/news\\\/#primaryimage\"},\"image\":{\"@id\":\"https:\\\/\\\/www.lechevalcanadien.ca\\\/en\\\/news\\\/#primaryimage\"},\"thumbnailUrl\":\"https:\\\/\\\/www.lechevalcanadien.ca\\\/wp-content\\\/uploads\\\/2021\\\/09\\\/DSC_7295_20164horsebook.jpg\",\"datePublished\":\"2022-01-13T18:50:10+00:00\",\"dateModified\":\"2022-01-31T21:05:21+00:00\",\"breadcrumb\":{\"@id\":\"https:\\\/\\\/www.lechevalcanadien.ca\\\/en\\\/news\\\/#breadcrumb\"},\"inLanguage\":\"en-US\",\"potentialAction\":[{\"@type\":\"ReadAction\",\"target\":[\"https:\\\/\\\/www.lechevalcanadien.ca\\\/en\\\/news\\\/\"]}]},{\"@type\":\"ImageObject\",\"inLanguage\":\"en-US\",\"@id\":\"https:\\\/\\\/www.lechevalcanadien.ca\\\/en\\\/news\\\/#primaryimage\",\"url\":\"https:\\\/\\\/www.lechevalcanadien.ca\\\/wp-content\\\/uploads\\\/2021\\\/09\\\/DSC_7295_20164horsebook.jpg\",\"contentUrl\":\"https:\\\/\\\/www.lechevalcanadien.ca\\\/wp-content\\\/uploads\\\/2021\\\/09\\\/DSC_7295_20164horsebook.jpg\",\"width\":2560,\"height\":1280,\"caption\":\"Canadian Horse, Canadian Horse Breeders Association (CHBA)\"},{\"@type\":\"BreadcrumbList\",\"@id\":\"https:\\\/\\\/www.lechevalcanadien.ca\\\/en\\\/news\\\/#breadcrumb\",\"itemListElement\":[{\"@type\":\"ListItem\",\"position\":1,\"name\":\"Accueil\",\"item\":\"https:\\\/\\\/www.lechevalcanadien.ca\\\/en\\\/\"},{\"@type\":\"ListItem\",\"position\":2,\"name\":\"Latest News\"}]},{\"@type\":\"WebSite\",\"@id\":\"https:\\\/\\\/www.lechevalcanadien.ca\\\/en\\\/#website\",\"url\":\"https:\\\/\\\/www.lechevalcanadien.ca\\\/en\\\/\",\"name\":\"Soci\u00e9t\u00e9 des \u00e9leveurs de chevaux canadiens\",\"description\":\"Race nationale du Canada\",\"publisher\":{\"@id\":\"https:\\\/\\\/www.lechevalcanadien.ca\\\/en\\\/#organization\"},\"potentialAction\":[{\"@type\":\"SearchAction\",\"target\":{\"@type\":\"EntryPoint\",\"urlTemplate\":\"https:\\\/\\\/www.lechevalcanadien.ca\\\/en\\\/?s={search_term_string}\"},\"query-input\":{\"@type\":\"PropertyValueSpecification\",\"valueRequired\":true,\"valueName\":\"search_term_string\"}}],\"inLanguage\":\"en-US\"},{\"@type\":\"Organization\",\"@id\":\"https:\\\/\\\/www.lechevalcanadien.ca\\\/en\\\/#organization\",\"name\":\"Soci\u00e9t\u00e9 des \u00e9leveurs de Chevaux Canadiens\",\"url\":\"https:\\\/\\\/www.lechevalcanadien.ca\\\/en\\\/\",\"logo\":{\"@type\":\"ImageObject\",\"inLanguage\":\"en-US\",\"@id\":\"https:\\\/\\\/www.lechevalcanadien.ca\\\/en\\\/#\\\/schema\\\/logo\\\/image\\\/\",\"url\":\"https:\\\/\\\/www.lechevalcanadien.ca\\\/wp-content\\\/uploads\\\/2021\\\/09\\\/COUL_FR_10pouces_TRANSPARENT.png\",\"contentUrl\":\"https:\\\/\\\/www.lechevalcanadien.ca\\\/wp-content\\\/uploads\\\/2021\\\/09\\\/COUL_FR_10pouces_TRANSPARENT.png\",\"width\":300,\"height\":251,\"caption\":\"Soci\u00e9t\u00e9 des \u00e9leveurs de Chevaux Canadiens\"},\"image\":{\"@id\":\"https:\\\/\\\/www.lechevalcanadien.ca\\\/en\\\/#\\\/schema\\\/logo\\\/image\\\/\"},\"sameAs\":[\"https:\\\/\\\/www.facebook.com\\\/SECC.CHBA\",\"https:\\\/\\\/www.instagram.com\\\/chba_secc\\\/?hl=fr\"]}]}<\/script>\n<!-- \/ Yoast SEO plugin. -->","yoast_head_json":{"title":"Latest News - Soci\u00e9t\u00e9 des \u00e9leveurs de chevaux canadiens","robots":{"index":"index","follow":"follow","max-snippet":"max-snippet:-1","max-image-preview":"max-image-preview:large","max-video-preview":"max-video-preview:-1"},"canonical":"https:\/\/www.lechevalcanadien.ca\/en\/news\/","og_locale":"en_US","og_type":"article","og_title":"Latest News - Soci\u00e9t\u00e9 des \u00e9leveurs de chevaux canadiens","og_url":"https:\/\/www.lechevalcanadien.ca\/en\/news\/","og_site_name":"Soci\u00e9t\u00e9 des \u00e9leveurs de chevaux canadiens","article_publisher":"https:\/\/www.facebook.com\/SECC.CHBA","article_modified_time":"2022-01-31T21:05:21+00:00","og_image":[{"width":2560,"height":1280,"url":"https:\/\/www.lechevalcanadien.ca\/wp-content\/uploads\/2021\/09\/DSC_7295_20164horsebook.jpg","type":"image\/jpeg"}],"twitter_card":"summary_large_image","twitter_misc":{"Est. reading time":"3 minutes"},"schema":{"@context":"https:\/\/schema.org","@graph":[{"@type":"WebPage","@id":"https:\/\/www.lechevalcanadien.ca\/en\/news\/","url":"https:\/\/www.lechevalcanadien.ca\/en\/news\/","name":"Latest News - Soci\u00e9t\u00e9 des \u00e9leveurs de chevaux canadiens","isPartOf":{"@id":"https:\/\/www.lechevalcanadien.ca\/en\/#website"},"primaryImageOfPage":{"@id":"https:\/\/www.lechevalcanadien.ca\/en\/news\/#primaryimage"},"image":{"@id":"https:\/\/www.lechevalcanadien.ca\/en\/news\/#primaryimage"},"thumbnailUrl":"https:\/\/www.lechevalcanadien.ca\/wp-content\/uploads\/2021\/09\/DSC_7295_20164horsebook.jpg","datePublished":"2022-01-13T18:50:10+00:00","dateModified":"2022-01-31T21:05:21+00:00","breadcrumb":{"@id":"https:\/\/www.lechevalcanadien.ca\/en\/news\/#breadcrumb"},"inLanguage":"en-US","potentialAction":[{"@type":"ReadAction","target":["https:\/\/www.lechevalcanadien.ca\/en\/news\/"]}]},{"@type":"ImageObject","inLanguage":"en-US","@id":"https:\/\/www.lechevalcanadien.ca\/en\/news\/#primaryimage","url":"https:\/\/www.lechevalcanadien.ca\/wp-content\/uploads\/2021\/09\/DSC_7295_20164horsebook.jpg","contentUrl":"https:\/\/www.lechevalcanadien.ca\/wp-content\/uploads\/2021\/09\/DSC_7295_20164horsebook.jpg","width":2560,"height":1280,"caption":"Canadian Horse, Canadian Horse Breeders Association (CHBA)"},{"@type":"BreadcrumbList","@id":"https:\/\/www.lechevalcanadien.ca\/en\/news\/#breadcrumb","itemListElement":[{"@type":"ListItem","position":1,"name":"Accueil","item":"https:\/\/www.lechevalcanadien.ca\/en\/"},{"@type":"ListItem","position":2,"name":"Latest News"}]},{"@type":"WebSite","@id":"https:\/\/www.lechevalcanadien.ca\/en\/#website","url":"https:\/\/www.lechevalcanadien.ca\/en\/","name":"Soci\u00e9t\u00e9 des \u00e9leveurs de chevaux canadiens","description":"Race nationale du Canada","publisher":{"@id":"https:\/\/www.lechevalcanadien.ca\/en\/#organization"},"potentialAction":[{"@type":"SearchAction","target":{"@type":"EntryPoint","urlTemplate":"https:\/\/www.lechevalcanadien.ca\/en\/?s={search_term_string}"},"query-input":{"@type":"PropertyValueSpecification","valueRequired":true,"valueName":"search_term_string"}}],"inLanguage":"en-US"},{"@type":"Organization","@id":"https:\/\/www.lechevalcanadien.ca\/en\/#organization","name":"Soci\u00e9t\u00e9 des \u00e9leveurs de Chevaux Canadiens","url":"https:\/\/www.lechevalcanadien.ca\/en\/","logo":{"@type":"ImageObject","inLanguage":"en-US","@id":"https:\/\/www.lechevalcanadien.ca\/en\/#\/schema\/logo\/image\/","url":"https:\/\/www.lechevalcanadien.ca\/wp-content\/uploads\/2021\/09\/COUL_FR_10pouces_TRANSPARENT.png","contentUrl":"https:\/\/www.lechevalcanadien.ca\/wp-content\/uploads\/2021\/09\/COUL_FR_10pouces_TRANSPARENT.png","width":300,"height":251,"caption":"Soci\u00e9t\u00e9 des \u00e9leveurs de Chevaux Canadiens"},"image":{"@id":"https:\/\/www.lechevalcanadien.ca\/en\/#\/schema\/logo\/image\/"},"sameAs":["https:\/\/www.facebook.com\/SECC.CHBA","https:\/\/www.instagram.com\/chba_secc\/?hl=fr"]}]}},"_links":{"self":[{"href":"https:\/\/www.lechevalcanadien.ca\/en\/wp-json\/wp\/v2\/pages\/4552","targetHints":{"allow":["GET"]}}],"collection":[{"href":"https:\/\/www.lechevalcanadien.ca\/en\/wp-json\/wp\/v2\/pages"}],"about":[{"href":"https:\/\/www.lechevalcanadien.ca\/en\/wp-json\/wp\/v2\/types\/page"}],"author":[{"embeddable":true,"href":"https:\/\/www.lechevalcanadien.ca\/en\/wp-json\/wp\/v2\/users\/1"}],"replies":[{"embeddable":true,"href":"https:\/\/www.lechevalcanadien.ca\/en\/wp-json\/wp\/v2\/comments?post=4552"}],"version-history":[{"count":0,"href":"https:\/\/www.lechevalcanadien.ca\/en\/wp-json\/wp\/v2\/pages\/4552\/revisions"}],"wp:featuredmedia":[{"embeddable":true,"href":"https:\/\/www.lechevalcanadien.ca\/en\/wp-json\/wp\/v2\/media\/4013"}],"wp:attachment":[{"href":"https:\/\/www.lechevalcanadien.ca\/en\/wp-json\/wp\/v2\/media?parent=4552"}],"curies":[{"name":"wp","href":"https:\/\/api.w.org\/{rel}","templated":true}]}}