{"id":4555,"date":"2022-01-13T13:50:11","date_gmt":"2022-01-13T18:50:11","guid":{"rendered":"https:\/\/www.lechevalcanadien.ca\/forms\/"},"modified":"2025-12-30T13:33:24","modified_gmt":"2025-12-30T18:33:24","slug":"forms","status":"publish","type":"page","link":"https:\/\/www.lechevalcanadien.ca\/en\/forms\/","title":{"rendered":"Official Forms"},"content":{"rendered":"<p>[et_pb_section fb_built=&#8221;1&#8243; fullwidth=&#8221;on&#8221; admin_label=&#8221;Section ent\u00eate &#8211; Page int\u00e9rieure&#8221; _builder_version=&#8221;4.9.10&#8243; background_color=&#8221;RGBA(0,0,0,0)&#8221; bottom_divider_style=&#8221;ramp&#8221; bottom_divider_color=&#8221;#FFFFFF&#8221; bottom_divider_flip=&#8221;horizontal&#8221; global_module=&#8221;1863&#8243; saved_tabs=&#8221;all&#8221; collapsed=&#8221;on&#8221; global_colors_info=&#8221;{}&#8221;][et_pb_fullwidth_header title=&#8221;@ET-DC@eyJkeW5hbWljIjp0cnVlLCJjb250ZW50IjoicG9zdF90aXRsZSIsInNldHRpbmdzIjp7ImJlZm9yZSI6IiIsImFmdGVyIjoiIn19@&#8221; text_orientation=&#8221;center&#8221; content_max_width=&#8221;640px&#8221; admin_label=&#8221;En-t\u00eate plein \u00e9cran&#8221; _builder_version=&#8221;4.16&#8243; _dynamic_attributes=&#8221;background_image,title&#8221; content_font_size=&#8221;22px&#8221; content_line_height=&#8221;2em&#8221; background_color=&#8221;#FFFFFF&#8221; background_image=&#8221;@ET-DC@eyJkeW5hbWljIjp0cnVlLCJjb250ZW50IjoicG9zdF9mZWF0dXJlZF9pbWFnZSIsInNldHRpbmdzIjp7fX0=@&#8221; parallax=&#8221;on&#8221; parallax_method=&#8221;on&#8221; custom_button_one=&#8221;on&#8221; button_one_text_size=&#8221;16px&#8221; button_one_text_color=&#8221;#ffffff&#8221; button_one_bg_color=&#8221;#d29f68&#8243; button_one_border_width=&#8221;15px&#8221; button_one_border_color=&#8221;rgba(210,159,104,0)&#8221; button_one_border_radius=&#8221;100px&#8221; button_one_letter_spacing=&#8221;3px&#8221; button_one_font=&#8221;Oswald|||on|||||&#8221; button_one_use_icon=&#8221;off&#8221; custom_button_two=&#8221;on&#8221; button_two_text_size=&#8221;16px&#8221; button_two_text_color=&#8221;#ffffff&#8221; button_two_bg_color=&#8221;rgba(255,255,255,0.35)&#8221; button_two_border_width=&#8221;15px&#8221; button_two_border_color=&#8221;rgba(0,0,0,0)&#8221; button_two_border_radius=&#8221;100px&#8221; button_two_letter_spacing=&#8221;3px&#8221; button_two_font=&#8221;Oswald|||on|||||&#8221; button_two_use_icon=&#8221;off&#8221; custom_padding=&#8221;130px||130px||true|false&#8221; animation_style=&#8221;fade&#8221; animation_direction=&#8221;top&#8221; animation_duration=&#8221;1700ms&#8221; subhead_font_size_tablet=&#8221;&#8221; subhead_font_size_phone=&#8221;50px&#8221; subhead_font_size_last_edited=&#8221;on|desktop&#8221; button_one_border_radius_hover=&#8221;100px&#8221; button_one_bg_color_hover=&#8221;#cc8d66&#8243; button_two_bg_color_hover=&#8221;#d29f68&#8243; global_colors_info=&#8221;{}&#8221; button_one_text_size__hover_enabled=&#8221;off&#8221; button_two_text_size__hover_enabled=&#8221;off&#8221; button_one_text_color__hover_enabled=&#8221;off&#8221; button_two_text_color__hover_enabled=&#8221;off&#8221; button_one_border_width__hover_enabled=&#8221;off&#8221; button_two_border_width__hover_enabled=&#8221;off&#8221; button_one_border_color__hover_enabled=&#8221;off&#8221; button_two_border_color__hover_enabled=&#8221;off&#8221; button_one_border_radius__hover_enabled=&#8221;on&#8221; button_one_border_radius__hover=&#8221;100px&#8221; button_two_border_radius__hover_enabled=&#8221;off&#8221; button_one_letter_spacing__hover_enabled=&#8221;off&#8221; button_two_letter_spacing__hover_enabled=&#8221;off&#8221; button_one_bg_color__hover_enabled=&#8221;on&#8221; button_one_bg_color__hover=&#8221;#cc8d66&#8243; button_two_bg_color__hover_enabled=&#8221;on&#8221; button_two_bg_color__hover=&#8221;#d29f68&#8243;][\/et_pb_fullwidth_header][\/et_pb_section][et_pb_section fb_built=&#8221;1&#8243; admin_label=&#8221;Section Introduction&#8221; _builder_version=&#8221;4.16&#8243; _module_preset=&#8221;default&#8221; global_colors_info=&#8221;{}&#8221;][et_pb_row column_structure=&#8221;2_5,3_5&#8243; _builder_version=&#8221;4.16&#8243; _module_preset=&#8221;default&#8221; global_colors_info=&#8221;{}&#8221;][et_pb_column type=&#8221;2_5&#8243; _builder_version=&#8221;4.16&#8243; _module_preset=&#8221;default&#8221; global_colors_info=&#8221;{}&#8221;][et_pb_text _builder_version=&#8221;4.16&#8243; _module_preset=&#8221;default&#8221; global_colors_info=&#8221;{}&#8221;]<\/p>\n<h2>Official forms<\/h2>\n<p>[\/et_pb_text][et_pb_text _builder_version=&#8221;4.27.4&#8243; _module_preset=&#8221;default&#8221; text_font_size=&#8221;14px&#8221; hover_enabled=&#8221;0&#8243; global_colors_info=&#8221;{}&#8221; sticky_enabled=&#8221;0&#8243;]<\/p>\n<p>Last update: January 2025<\/p>\n<p>All prices are in Canadian dollars.<\/p>\n<p>[\/et_pb_text][et_pb_button button_url=&#8221;https:\/\/www.lechevalcanadien.ca\/wp-content\/uploads\/2023\/04\/Liste-des-tarifs_2025.pdf&#8221; url_new_window=&#8221;on&#8221; button_text=&#8221;List of fees 2025&#8243; _builder_version=&#8221;4.27.4&#8243; _module_preset=&#8221;default&#8221; hover_enabled=&#8221;0&#8243; global_colors_info=&#8221;{}&#8221; sticky_enabled=&#8221;0&#8243;][\/et_pb_button][\/et_pb_column][et_pb_column type=&#8221;3_5&#8243; _builder_version=&#8221;4.16&#8243; _module_preset=&#8221;default&#8221; global_colors_info=&#8221;{}&#8221;][et_pb_text _builder_version=&#8221;4.19.2&#8243; _module_preset=&#8221;default&#8221; global_colors_info=&#8221;{}&#8221;]<\/p>\n<h5>Members\u2019 Section<\/h5>\n<ul>\n<li><a href=\"https:\/\/www.lechevalcanadien.ca\/wp-content\/uploads\/2021\/08\/FORM_001_membre_membership_print.pdf\" target=\"_blank\" rel=\"attachment noopener wp-att-1313\">Membership or Renewal Form<\/a><\/li>\n<li><a href=\"https:\/\/www.lechevalcanadien.ca\/wp-content\/uploads\/2022\/12\/FORM_002_candidature-application_combine_EN.pdf\" rel=\"attachment wp-att-5149\">Board Member Application Form<\/a><\/li>\n<li><a href=\"https:\/\/www.lechevalcanadien.ca\/wp-content\/uploads\/2021\/08\/FORM_013_procuration_proxy_print.pdf\" target=\"_blank\" rel=\"attachment noopener wp-att-1328\">Power of Attorney<\/a><\/li>\n<\/ul>\n<h5>Stallion Section<\/h5>\n<ul>\n<li><a href=\"https:\/\/www.lechevalcanadien.ca\/wp-content\/uploads\/2021\/08\/FORM_007_rapport_etalon_stallion_report_print.pdf\" target=\"_blank\" rel=\"attachment noopener wp-att-1344\">Stallion Report<\/a><\/li>\n<li><a href=\"https:\/\/www.lechevalcanadien.ca\/wp-content\/uploads\/2021\/08\/FORM_008_Inspection-etalon_print.pdf\" target=\"_blank\" rel=\"attachment noopener wp-att-1345\">Stallion Veterinary Inspection Form<\/a><\/li>\n<li><a href=\"https:\/\/www.lechevalcanadien.ca\/wp-content\/uploads\/2021\/08\/FORM_010_Semence-congelee_frozen-semen_print.pdf\" target=\"_blank\" rel=\"attachment noopener wp-att-1346\">Semen Freezing Report or Sale Declaration<\/a><\/li>\n<\/ul>\n<h5>Registration Section<\/h5>\n<ul>\n<li><a href=\"https:\/\/www.lechevalcanadien.ca\/wp-content\/uploads\/2021\/08\/FORM_005_dna-test-adn_print.pdf\" target=\"_blank\" rel=\"attachment noopener wp-att-1339\">Proof of Parentage (DNA Test)<\/a><\/li>\n<li><a href=\"https:\/\/www.lechevalcanadien.ca\/wp-content\/uploads\/2022\/01\/FORM_014_duplicata-transfert_print_EN.pdf\" target=\"_blank\" rel=\"attachment noopener wp-att-1343\">Request for Registration Certificate Duplicata<\/a><\/li>\n<li><a href=\"https:\/\/www.lechevalcanadien.ca\/wp-content\/uploads\/2021\/08\/FORM_011_Nom-troupeau_herd-name_print.pdf\" target=\"_blank\" rel=\"attachment noopener wp-att-1341\">Herd Name Registration Application<\/a><\/li>\n<li><a href=\"https:\/\/www.lechevalcanadien.ca\/wp-content\/uploads\/2021\/08\/FORM_009_location-lease_print.pdf\" target=\"_blank\" rel=\"attachment noopener wp-att-1340\">Lease Certificate<\/a><\/li>\n<li><a href=\"https:\/\/www.lechevalcanadien.ca\/wp-content\/uploads\/2021\/08\/FORM_012_declaration-vol_theft-report_print.pdf\" target=\"_blank\" rel=\"attachment noopener wp-att-1342\">Canadian Horse Theft Declaration<\/a><\/li>\n<\/ul>\n<p>[\/et_pb_text][\/et_pb_column][\/et_pb_row][\/et_pb_section]<\/p>\n","protected":false},"excerpt":{"rendered":"<p>Official forms Last update: January 2025 All prices are in Canadian dollars.Members\u2019 Section Membership or Renewal Form Board Member Application Form Power of Attorney Stallion Section Stallion Report Stallion Veterinary [&hellip;]<\/p>\n","protected":false},"author":4,"featured_media":3978,"parent":0,"menu_order":0,"comment_status":"closed","ping_status":"closed","template":"","meta":{"_et_pb_use_builder":"on","_et_pb_old_content":"<p>[et_pb_section fb_built=\"1\" fullwidth=\"on\" admin_label=\"Section ent\u00eate - Page int\u00e9rieure\" _builder_version=\"4.9.10\" background_color=\"RGBA(0,0,0,0)\" bottom_divider_style=\"ramp\" bottom_divider_color=\"#FFFFFF\" bottom_divider_flip=\"horizontal\" global_module=\"1863\" saved_tabs=\"all\" global_colors_info=\"{}\"][et_pb_fullwidth_header title=\"@ET-DC@eyJkeW5hbWljIjp0cnVlLCJjb250ZW50IjoicG9zdF90aXRsZSIsInNldHRpbmdzIjp7ImJlZm9yZSI6IiIsImFmdGVyIjoiIn19@\" text_orientation=\"center\" content_max_width=\"640px\" admin_label=\"En-t\u00eate plein \u00e9cran\" _builder_version=\"4.10.7\" _dynamic_attributes=\"background_image,title\" content_font_size=\"22px\" content_line_height=\"2em\" background_color=\"#FFFFFF\" background_image=\"@ET-DC@eyJkeW5hbWljIjp0cnVlLCJjb250ZW50IjoicG9zdF9mZWF0dXJlZF9pbWFnZSIsInNldHRpbmdzIjp7fX0=@\" parallax=\"on\" parallax_method=\"on\" custom_button_one=\"on\" button_one_text_size=\"16px\" button_one_text_color=\"#ffffff\" button_one_bg_color=\"#d29f68\" button_one_border_width=\"15px\" button_one_border_color=\"rgba(210,159,104,0)\" button_one_border_radius=\"100px\" button_one_letter_spacing=\"3px\" button_one_font=\"Oswald|||on|||||\" button_one_use_icon=\"off\" custom_button_two=\"on\" button_two_text_size=\"16px\" button_two_text_color=\"#ffffff\" button_two_bg_color=\"rgba(255,255,255,0.35)\" button_two_border_width=\"15px\" button_two_border_color=\"rgba(0,0,0,0)\" button_two_border_radius=\"100px\" button_two_letter_spacing=\"3px\" button_two_font=\"Oswald|||on|||||\" button_two_use_icon=\"off\" custom_padding=\"130px||130px||true|false\" animation_style=\"fade\" animation_direction=\"top\" animation_duration=\"1700ms\" subhead_font_size_tablet=\"\" subhead_font_size_phone=\"50px\" subhead_font_size_last_edited=\"on|desktop\" button_one_border_radius_hover=\"100px\" button_one_bg_color_hover=\"#cc8d66\" button_two_bg_color_hover=\"#d29f68\" global_colors_info=\"{}\" button_one_text_size__hover_enabled=\"off\" button_two_text_size__hover_enabled=\"off\" button_one_text_color__hover_enabled=\"off\" button_two_text_color__hover_enabled=\"off\" button_one_border_width__hover_enabled=\"off\" button_two_border_width__hover_enabled=\"off\" button_one_border_color__hover_enabled=\"off\" button_two_border_color__hover_enabled=\"off\" button_one_border_radius__hover_enabled=\"on\" button_one_border_radius__hover=\"100px\" button_two_border_radius__hover_enabled=\"off\" button_one_letter_spacing__hover_enabled=\"off\" button_two_letter_spacing__hover_enabled=\"off\" button_one_bg_color__hover_enabled=\"on\" button_one_bg_color__hover=\"#cc8d66\" button_two_bg_color__hover_enabled=\"on\" button_two_bg_color__hover=\"#d29f68\"][\/et_pb_fullwidth_header][\/et_pb_section][et_pb_section fb_built=\"1\" admin_label=\"Section Introduction\" _builder_version=\"4.9.10\" _module_preset=\"default\" global_colors_info=\"{}\"][et_pb_row column_structure=\"2_5,3_5\" _builder_version=\"4.9.10\" _module_preset=\"default\" global_colors_info=\"{}\"][et_pb_column type=\"2_5\" _builder_version=\"4.9.10\" _module_preset=\"default\" global_colors_info=\"{}\"][et_pb_text _builder_version=\"4.9.10\" _module_preset=\"default\" global_colors_info=\"{}\"]<\/p><h2>Official forms<\/h2><p>[\/et_pb_text][et_pb_text _builder_version=\"4.9.10\" _module_preset=\"default\" text_font_size=\"14px\" global_colors_info=\"{}\"]<\/p><p>Last update: July 2021<\/p><p>All prices are in Canadian dollars.<\/p><p>[\/et_pb_text][et_pb_button button_url=\"https:\/\/www.lechevalcanadien.ca\/wp-content\/uploads\/2023\/04\/Liste-des-tarifs_2025.pdf\" url_new_window=\"on\" button_text=\"Liste des tarifs 2021\" _builder_version=\"4.9.10\" _module_preset=\"default\" global_colors_info=\"{}\"][\/et_pb_button][\/et_pb_column][et_pb_column type=\"3_5\" _builder_version=\"4.9.10\" _module_preset=\"default\" global_colors_info=\"{}\"][et_pb_text _builder_version=\"4.11.0\" _module_preset=\"default\" hover_enabled=\"0\" global_colors_info=\"{}\" sticky_enabled=\"0\"]<\/p><h5>Members\u2019 Section<\/h5><ul><li><a href=\"https:\/\/www.lechevalcanadien.ca\/wp-content\/uploads\/2021\/08\/FORM_001_membre_membership_print.pdf\" target=\"_blank\" rel=\"attachment noopener wp-att-1313\">Membership or Renewal Form<\/a><\/li><li><a href=\"https:\/\/www.lechevalcanadien.ca\/wp-content\/uploads\/2021\/08\/FORM_002_candidature-application_print.pdf\" target=\"_blank\" rel=\"attachment noopener wp-att-1327\">Board Member Application Form<\/a><\/li><li><a href=\"https:\/\/www.lechevalcanadien.ca\/wp-content\/uploads\/2021\/08\/FORM_013_procuration_proxy_print.pdf\" target=\"_blank\" rel=\"attachment noopener wp-att-1328\">Power of Attorney<\/a><\/li><\/ul><h5>Stallion Section<\/h5><ul><li><a href=\"https:\/\/www.lechevalcanadien.ca\/wp-content\/uploads\/2021\/08\/FORM_007_rapport_etalon_stallion_report_print.pdf\" target=\"_blank\" rel=\"attachment noopener wp-att-1344\">Stallion Report<\/a><\/li><li><a href=\"https:\/\/www.lechevalcanadien.ca\/wp-content\/uploads\/2021\/08\/FORM_008_Inspection-etalon_print.pdf\" target=\"_blank\" rel=\"attachment noopener wp-att-1345\">Stallion Veterinary Inspection Form<\/a><\/li><li><a href=\"https:\/\/www.lechevalcanadien.ca\/wp-content\/uploads\/2021\/08\/FORM_010_Semence-congelee_frozen-semen_print.pdf\" target=\"_blank\" rel=\"attachment noopener wp-att-1346\">Semen Freezing Report or Sale Declaration<\/a><\/li><\/ul><h5>Registration Section<\/h5><ul><li><a href=\"https:\/\/www.lechevalcanadien.ca\/wp-content\/uploads\/2021\/08\/FORM_005_dna-test-adn_print.pdf\" target=\"_blank\" rel=\"attachment noopener wp-att-1339\">Proof of Parentage (DNA Test)<\/a><\/li><li><a href=\"https:\/\/www.lechevalcanadien.ca\/wp-content\/uploads\/2021\/08\/FORM_014_duplicata-transfert_print_FR.pdf\" target=\"_blank\" rel=\"attachment noopener wp-att-1343\">Request for Registration Certificate Duplicata and Transfer of Ownership Request<\/a><\/li><li><a href=\"https:\/\/www.lechevalcanadien.ca\/wp-content\/uploads\/2021\/08\/FORM_011_Nom-troupeau_herd-name_print.pdf\" target=\"_blank\" rel=\"attachment noopener wp-att-1341\">Herd Name Registration Application<\/a><\/li><li><a href=\"https:\/\/www.lechevalcanadien.ca\/wp-content\/uploads\/2021\/08\/FORM_009_location-lease_print.pdf\" target=\"_blank\" rel=\"attachment noopener wp-att-1340\">Lease Certificate<\/a><\/li><li><a href=\"https:\/\/www.lechevalcanadien.ca\/wp-content\/uploads\/2021\/08\/FORM_012_declaration-vol_theft-report_print.pdf\" target=\"_blank\" rel=\"attachment noopener wp-att-1342\">Canadian Horse Theft Declaration<\/a><\/li><\/ul><p>[\/et_pb_text][\/et_pb_column][\/et_pb_row][\/et_pb_section]<\/p>","_et_gb_content_width":"","inline_featured_image":false,"footnotes":""},"class_list":["post-4555","page","type-page","status-publish","has-post-thumbnail","hentry"],"yoast_head":"<!-- This site is optimized with the Yoast SEO plugin v27.4 - https:\/\/yoast.com\/product\/yoast-seo-wordpress\/ -->\n<title>Official Forms - Soci\u00e9t\u00e9 des \u00e9leveurs de chevaux canadiens<\/title>\n<meta name=\"robots\" content=\"index, follow, max-snippet:-1, max-image-preview:large, max-video-preview:-1\" \/>\n<link rel=\"canonical\" href=\"https:\/\/www.lechevalcanadien.ca\/en\/forms\/\" \/>\n<meta property=\"og:locale\" content=\"en_US\" \/>\n<meta property=\"og:type\" content=\"article\" \/>\n<meta property=\"og:title\" content=\"Official Forms - Soci\u00e9t\u00e9 des \u00e9leveurs de chevaux canadiens\" \/>\n<meta property=\"og:description\" content=\"Official forms Last update: January 2025 All prices are in Canadian dollars.Members\u2019 Section Membership or Renewal Form Board Member Application Form Power of Attorney Stallion Section Stallion Report Stallion Veterinary [&hellip;]\" \/>\n<meta property=\"og:url\" content=\"https:\/\/www.lechevalcanadien.ca\/en\/forms\/\" \/>\n<meta property=\"og:site_name\" content=\"Soci\u00e9t\u00e9 des \u00e9leveurs de chevaux canadiens\" \/>\n<meta property=\"article:publisher\" content=\"https:\/\/www.facebook.com\/SECC.CHBA\" \/>\n<meta property=\"article:modified_time\" content=\"2025-12-30T18:33:24+00:00\" \/>\n<meta property=\"og:image\" content=\"https:\/\/www.lechevalcanadien.ca\/wp-content\/uploads\/2021\/08\/header_formulaires-scaled.jpg\" \/>\n\t<meta property=\"og:image:width\" content=\"2560\" \/>\n\t<meta property=\"og:image:height\" content=\"1280\" \/>\n\t<meta property=\"og:image:type\" content=\"image\/jpeg\" \/>\n<meta name=\"twitter:card\" content=\"summary_large_image\" \/>\n<meta name=\"twitter:label1\" content=\"Est. reading time\" \/>\n\t<meta name=\"twitter:data1\" content=\"3 minutes\" \/>\n<script type=\"application\/ld+json\" class=\"yoast-schema-graph\">{\"@context\":\"https:\\\/\\\/schema.org\",\"@graph\":[{\"@type\":\"WebPage\",\"@id\":\"https:\\\/\\\/www.lechevalcanadien.ca\\\/en\\\/forms\\\/\",\"url\":\"https:\\\/\\\/www.lechevalcanadien.ca\\\/en\\\/forms\\\/\",\"name\":\"Official Forms - Soci\u00e9t\u00e9 des \u00e9leveurs de chevaux canadiens\",\"isPartOf\":{\"@id\":\"https:\\\/\\\/www.lechevalcanadien.ca\\\/en\\\/#website\"},\"primaryImageOfPage\":{\"@id\":\"https:\\\/\\\/www.lechevalcanadien.ca\\\/en\\\/forms\\\/#primaryimage\"},\"image\":{\"@id\":\"https:\\\/\\\/www.lechevalcanadien.ca\\\/en\\\/forms\\\/#primaryimage\"},\"thumbnailUrl\":\"https:\\\/\\\/www.lechevalcanadien.ca\\\/wp-content\\\/uploads\\\/2021\\\/08\\\/header_formulaires-scaled.jpg\",\"datePublished\":\"2022-01-13T18:50:11+00:00\",\"dateModified\":\"2025-12-30T18:33:24+00:00\",\"breadcrumb\":{\"@id\":\"https:\\\/\\\/www.lechevalcanadien.ca\\\/en\\\/forms\\\/#breadcrumb\"},\"inLanguage\":\"en-US\",\"potentialAction\":[{\"@type\":\"ReadAction\",\"target\":[\"https:\\\/\\\/www.lechevalcanadien.ca\\\/en\\\/forms\\\/\"]}]},{\"@type\":\"ImageObject\",\"inLanguage\":\"en-US\",\"@id\":\"https:\\\/\\\/www.lechevalcanadien.ca\\\/en\\\/forms\\\/#primaryimage\",\"url\":\"https:\\\/\\\/www.lechevalcanadien.ca\\\/wp-content\\\/uploads\\\/2021\\\/08\\\/header_formulaires-scaled.jpg\",\"contentUrl\":\"https:\\\/\\\/www.lechevalcanadien.ca\\\/wp-content\\\/uploads\\\/2021\\\/08\\\/header_formulaires-scaled.jpg\",\"width\":2560,\"height\":1280,\"caption\":\"Canadian Horse, Canadian Horse Breeders Association (CHBA)\"},{\"@type\":\"BreadcrumbList\",\"@id\":\"https:\\\/\\\/www.lechevalcanadien.ca\\\/en\\\/forms\\\/#breadcrumb\",\"itemListElement\":[{\"@type\":\"ListItem\",\"position\":1,\"name\":\"Accueil\",\"item\":\"https:\\\/\\\/www.lechevalcanadien.ca\\\/en\\\/\"},{\"@type\":\"ListItem\",\"position\":2,\"name\":\"Official Forms\"}]},{\"@type\":\"WebSite\",\"@id\":\"https:\\\/\\\/www.lechevalcanadien.ca\\\/en\\\/#website\",\"url\":\"https:\\\/\\\/www.lechevalcanadien.ca\\\/en\\\/\",\"name\":\"Soci\u00e9t\u00e9 des \u00e9leveurs de chevaux canadiens\",\"description\":\"Race nationale du Canada\",\"publisher\":{\"@id\":\"https:\\\/\\\/www.lechevalcanadien.ca\\\/en\\\/#organization\"},\"potentialAction\":[{\"@type\":\"SearchAction\",\"target\":{\"@type\":\"EntryPoint\",\"urlTemplate\":\"https:\\\/\\\/www.lechevalcanadien.ca\\\/en\\\/?s={search_term_string}\"},\"query-input\":{\"@type\":\"PropertyValueSpecification\",\"valueRequired\":true,\"valueName\":\"search_term_string\"}}],\"inLanguage\":\"en-US\"},{\"@type\":\"Organization\",\"@id\":\"https:\\\/\\\/www.lechevalcanadien.ca\\\/en\\\/#organization\",\"name\":\"Soci\u00e9t\u00e9 des \u00e9leveurs de Chevaux Canadiens\",\"url\":\"https:\\\/\\\/www.lechevalcanadien.ca\\\/en\\\/\",\"logo\":{\"@type\":\"ImageObject\",\"inLanguage\":\"en-US\",\"@id\":\"https:\\\/\\\/www.lechevalcanadien.ca\\\/en\\\/#\\\/schema\\\/logo\\\/image\\\/\",\"url\":\"https:\\\/\\\/www.lechevalcanadien.ca\\\/wp-content\\\/uploads\\\/2021\\\/09\\\/COUL_FR_10pouces_TRANSPARENT.png\",\"contentUrl\":\"https:\\\/\\\/www.lechevalcanadien.ca\\\/wp-content\\\/uploads\\\/2021\\\/09\\\/COUL_FR_10pouces_TRANSPARENT.png\",\"width\":300,\"height\":251,\"caption\":\"Soci\u00e9t\u00e9 des \u00e9leveurs de Chevaux Canadiens\"},\"image\":{\"@id\":\"https:\\\/\\\/www.lechevalcanadien.ca\\\/en\\\/#\\\/schema\\\/logo\\\/image\\\/\"},\"sameAs\":[\"https:\\\/\\\/www.facebook.com\\\/SECC.CHBA\",\"https:\\\/\\\/www.instagram.com\\\/chba_secc\\\/?hl=fr\"]}]}<\/script>\n<!-- \/ Yoast SEO plugin. -->","yoast_head_json":{"title":"Official Forms - Soci\u00e9t\u00e9 des \u00e9leveurs de chevaux canadiens","robots":{"index":"index","follow":"follow","max-snippet":"max-snippet:-1","max-image-preview":"max-image-preview:large","max-video-preview":"max-video-preview:-1"},"canonical":"https:\/\/www.lechevalcanadien.ca\/en\/forms\/","og_locale":"en_US","og_type":"article","og_title":"Official Forms - Soci\u00e9t\u00e9 des \u00e9leveurs de chevaux canadiens","og_description":"Official forms Last update: January 2025 All prices are in Canadian dollars.Members\u2019 Section Membership or Renewal Form Board Member Application Form Power of Attorney Stallion Section Stallion Report Stallion Veterinary [&hellip;]","og_url":"https:\/\/www.lechevalcanadien.ca\/en\/forms\/","og_site_name":"Soci\u00e9t\u00e9 des \u00e9leveurs de chevaux canadiens","article_publisher":"https:\/\/www.facebook.com\/SECC.CHBA","article_modified_time":"2025-12-30T18:33:24+00:00","og_image":[{"width":2560,"height":1280,"url":"https:\/\/www.lechevalcanadien.ca\/wp-content\/uploads\/2021\/08\/header_formulaires-scaled.jpg","type":"image\/jpeg"}],"twitter_card":"summary_large_image","twitter_misc":{"Est. reading time":"3 minutes"},"schema":{"@context":"https:\/\/schema.org","@graph":[{"@type":"WebPage","@id":"https:\/\/www.lechevalcanadien.ca\/en\/forms\/","url":"https:\/\/www.lechevalcanadien.ca\/en\/forms\/","name":"Official Forms - Soci\u00e9t\u00e9 des \u00e9leveurs de chevaux canadiens","isPartOf":{"@id":"https:\/\/www.lechevalcanadien.ca\/en\/#website"},"primaryImageOfPage":{"@id":"https:\/\/www.lechevalcanadien.ca\/en\/forms\/#primaryimage"},"image":{"@id":"https:\/\/www.lechevalcanadien.ca\/en\/forms\/#primaryimage"},"thumbnailUrl":"https:\/\/www.lechevalcanadien.ca\/wp-content\/uploads\/2021\/08\/header_formulaires-scaled.jpg","datePublished":"2022-01-13T18:50:11+00:00","dateModified":"2025-12-30T18:33:24+00:00","breadcrumb":{"@id":"https:\/\/www.lechevalcanadien.ca\/en\/forms\/#breadcrumb"},"inLanguage":"en-US","potentialAction":[{"@type":"ReadAction","target":["https:\/\/www.lechevalcanadien.ca\/en\/forms\/"]}]},{"@type":"ImageObject","inLanguage":"en-US","@id":"https:\/\/www.lechevalcanadien.ca\/en\/forms\/#primaryimage","url":"https:\/\/www.lechevalcanadien.ca\/wp-content\/uploads\/2021\/08\/header_formulaires-scaled.jpg","contentUrl":"https:\/\/www.lechevalcanadien.ca\/wp-content\/uploads\/2021\/08\/header_formulaires-scaled.jpg","width":2560,"height":1280,"caption":"Canadian Horse, Canadian Horse Breeders Association (CHBA)"},{"@type":"BreadcrumbList","@id":"https:\/\/www.lechevalcanadien.ca\/en\/forms\/#breadcrumb","itemListElement":[{"@type":"ListItem","position":1,"name":"Accueil","item":"https:\/\/www.lechevalcanadien.ca\/en\/"},{"@type":"ListItem","position":2,"name":"Official Forms"}]},{"@type":"WebSite","@id":"https:\/\/www.lechevalcanadien.ca\/en\/#website","url":"https:\/\/www.lechevalcanadien.ca\/en\/","name":"Soci\u00e9t\u00e9 des \u00e9leveurs de chevaux canadiens","description":"Race nationale du Canada","publisher":{"@id":"https:\/\/www.lechevalcanadien.ca\/en\/#organization"},"potentialAction":[{"@type":"SearchAction","target":{"@type":"EntryPoint","urlTemplate":"https:\/\/www.lechevalcanadien.ca\/en\/?s={search_term_string}"},"query-input":{"@type":"PropertyValueSpecification","valueRequired":true,"valueName":"search_term_string"}}],"inLanguage":"en-US"},{"@type":"Organization","@id":"https:\/\/www.lechevalcanadien.ca\/en\/#organization","name":"Soci\u00e9t\u00e9 des \u00e9leveurs de Chevaux Canadiens","url":"https:\/\/www.lechevalcanadien.ca\/en\/","logo":{"@type":"ImageObject","inLanguage":"en-US","@id":"https:\/\/www.lechevalcanadien.ca\/en\/#\/schema\/logo\/image\/","url":"https:\/\/www.lechevalcanadien.ca\/wp-content\/uploads\/2021\/09\/COUL_FR_10pouces_TRANSPARENT.png","contentUrl":"https:\/\/www.lechevalcanadien.ca\/wp-content\/uploads\/2021\/09\/COUL_FR_10pouces_TRANSPARENT.png","width":300,"height":251,"caption":"Soci\u00e9t\u00e9 des \u00e9leveurs de Chevaux Canadiens"},"image":{"@id":"https:\/\/www.lechevalcanadien.ca\/en\/#\/schema\/logo\/image\/"},"sameAs":["https:\/\/www.facebook.com\/SECC.CHBA","https:\/\/www.instagram.com\/chba_secc\/?hl=fr"]}]}},"_links":{"self":[{"href":"https:\/\/www.lechevalcanadien.ca\/en\/wp-json\/wp\/v2\/pages\/4555","targetHints":{"allow":["GET"]}}],"collection":[{"href":"https:\/\/www.lechevalcanadien.ca\/en\/wp-json\/wp\/v2\/pages"}],"about":[{"href":"https:\/\/www.lechevalcanadien.ca\/en\/wp-json\/wp\/v2\/types\/page"}],"author":[{"embeddable":true,"href":"https:\/\/www.lechevalcanadien.ca\/en\/wp-json\/wp\/v2\/users\/4"}],"replies":[{"embeddable":true,"href":"https:\/\/www.lechevalcanadien.ca\/en\/wp-json\/wp\/v2\/comments?post=4555"}],"version-history":[{"count":0,"href":"https:\/\/www.lechevalcanadien.ca\/en\/wp-json\/wp\/v2\/pages\/4555\/revisions"}],"wp:featuredmedia":[{"embeddable":true,"href":"https:\/\/www.lechevalcanadien.ca\/en\/wp-json\/wp\/v2\/media\/3978"}],"wp:attachment":[{"href":"https:\/\/www.lechevalcanadien.ca\/en\/wp-json\/wp\/v2\/media?parent=4555"}],"curies":[{"name":"wp","href":"https:\/\/api.w.org\/{rel}","templated":true}]}}